{"id":1695,"date":"2023-01-07T21:32:09","date_gmt":"2023-01-07T21:32:09","guid":{"rendered":"https:\/\/justine-basanta.de\/?page_id=1695"},"modified":"2023-01-13T16:05:45","modified_gmt":"2023-01-13T16:05:45","slug":"antwortkarte","status":"publish","type":"page","link":"https:\/\/justine-basanta.de\/?page_id=1695","title":{"rendered":"Antwortkarte"},"content":{"rendered":"\n<p><i class=\"fas fa-envelope-open-text\"><\/i> Bitte gebt uns bis zum 31. Januar eine R\u00fcckmeldung, ob ihr am 22. April kommt.<\/p>\n\n\n\n<p>Ihr erhaltet eine Best\u00e4tigungsmail zu eurer Antwort, so dass ihr Angaben auch noch nachtr\u00e4glich \u00e4ndern k\u00f6nnt.<\/p>\n\n\n\n<div align=\"center\"><iframe loading=\"lazy\" style=\"background: #ECE6DC; border-radius: 10px;\" src=\"https:\/\/docs.google.com\/forms\/d\/e\/1FAIpQLScmC1OZqPubT1lA_j03pnPpEEUERckSGDq77HAVLvM3OSDH-w\/viewform?embedded=true\" width=\"800\" height=\"2200\" frameborder=\"0\" marginheight=\"0\" marginwidth=\"0\">Wird geladen\u2026<\/iframe><\/div>\n","protected":false},"excerpt":{"rendered":"<p>Bitte gebt uns bis zum 31. Januar eine R\u00fcckmeldung, ob ihr am 22. April kommt. Ihr erhaltet eine Best\u00e4tigungsmail zu eurer Antwort, so dass ihr Angaben auch noch nachtr\u00e4glich \u00e4ndern k\u00f6nnt. Wird geladen\u2026<\/p>\n","protected":false},"author":1,"featured_media":0,"parent":0,"menu_order":0,"comment_status":"closed","ping_status":"closed","template":"","meta":[],"_links":{"self":[{"href":"https:\/\/justine-basanta.de\/index.php?rest_route=\/wp\/v2\/pages\/1695"}],"collection":[{"href":"https:\/\/justine-basanta.de\/index.php?rest_route=\/wp\/v2\/pages"}],"about":[{"href":"https:\/\/justine-basanta.de\/index.php?rest_route=\/wp\/v2\/types\/page"}],"author":[{"embeddable":true,"href":"https:\/\/justine-basanta.de\/index.php?rest_route=\/wp\/v2\/users\/1"}],"replies":[{"embeddable":true,"href":"https:\/\/justine-basanta.de\/index.php?rest_route=%2Fwp%2Fv2%2Fcomments&post=1695"}],"version-history":[{"count":23,"href":"https:\/\/justine-basanta.de\/index.php?rest_route=\/wp\/v2\/pages\/1695\/revisions"}],"predecessor-version":[{"id":1799,"href":"https:\/\/justine-basanta.de\/index.php?rest_route=\/wp\/v2\/pages\/1695\/revisions\/1799"}],"wp:attachment":[{"href":"https:\/\/justine-basanta.de\/index.php?rest_route=%2Fwp%2Fv2%2Fmedia&parent=1695"}],"curies":[{"name":"wp","href":"https:\/\/api.w.org\/{rel}","templated":true}]}}