{"id":1692,"date":"2023-01-07T21:31:05","date_gmt":"2023-01-07T21:31:05","guid":{"rendered":"https:\/\/justine-basanta.de\/?page_id=1692"},"modified":"2023-03-25T15:58:37","modified_gmt":"2023-03-25T15:58:37","slug":"weiteres","status":"publish","type":"page","link":"https:\/\/justine-basanta.de\/?page_id=1692","title":{"rendered":"Weiteres"},"content":{"rendered":"\n<h2><i class=\"fab fa-black-tie\"><\/i> Dresscode<\/h2>\n\n\n\n<p>Zieht euch gern schick an, aber so bequem, dass ihr auf der Festwiese und der Tanzfl\u00e4che euer Bestes geben k\u00f6nnt. <\/p>\n\n\n\n<p>Das Stichwort lautet &#8222;Smart Casual&#8220;.<\/p>\n\n\n\n<hr class=\"wp-block-separator has-alpha-channel-opacity is-style-wide\"\/>\n\n\n\n<h2><i class=\"fas fa-gifts\"><\/i> Geschenke<\/h2>\n\n\n\n<p>Ihr wollt uns beschenken? Juhu! <\/p>\n\n\n\n<p>Wir freuen uns am meisten \u00fcber einen finanziellen Beitrag f\u00fcr unsere Hochzeitsreise nach Korsika. <i class=\"fas fa-circle-dollar-to-slot\"><\/i><\/p>\n\n\n\n<hr class=\"wp-block-separator has-alpha-channel-opacity is-style-wide\"\/>\n\n\n\n<h2><i class=\"fas fa-bed\"><\/i> Schlafende Kinder<\/h2>\n\n\n\n<p>Es wird wahrscheinlich die M\u00f6glichkeit geben, schlafende Kinder in einem Nebenraum hinzulegen (abh\u00e4ngig davon, bis wann andere G\u00e4ste vor Ort sind). Eltern bringen am besten Buggy und Babyphone mit.<\/p>\n","protected":false},"excerpt":{"rendered":"<p>Dresscode Zieht euch gern schick an, aber so bequem, dass ihr auf der Festwiese und der Tanzfl\u00e4che euer Bestes geben k\u00f6nnt. Das Stichwort lautet &#8222;Smart Casual&#8220;. Geschenke Ihr wollt uns beschenken? Juhu! Wir freuen uns am meisten \u00fcber einen finanziellen Beitrag f\u00fcr unsere Hochzeitsreise nach Korsika. Schlafende Kinder Es wird wahrscheinlich die M\u00f6glichkeit geben, schlafende [&hellip;]<\/p>\n","protected":false},"author":1,"featured_media":0,"parent":0,"menu_order":0,"comment_status":"closed","ping_status":"closed","template":"","meta":[],"_links":{"self":[{"href":"https:\/\/justine-basanta.de\/index.php?rest_route=\/wp\/v2\/pages\/1692"}],"collection":[{"href":"https:\/\/justine-basanta.de\/index.php?rest_route=\/wp\/v2\/pages"}],"about":[{"href":"https:\/\/justine-basanta.de\/index.php?rest_route=\/wp\/v2\/types\/page"}],"author":[{"embeddable":true,"href":"https:\/\/justine-basanta.de\/index.php?rest_route=\/wp\/v2\/users\/1"}],"replies":[{"embeddable":true,"href":"https:\/\/justine-basanta.de\/index.php?rest_route=%2Fwp%2Fv2%2Fcomments&post=1692"}],"version-history":[{"count":12,"href":"https:\/\/justine-basanta.de\/index.php?rest_route=\/wp\/v2\/pages\/1692\/revisions"}],"predecessor-version":[{"id":1820,"href":"https:\/\/justine-basanta.de\/index.php?rest_route=\/wp\/v2\/pages\/1692\/revisions\/1820"}],"wp:attachment":[{"href":"https:\/\/justine-basanta.de\/index.php?rest_route=%2Fwp%2Fv2%2Fmedia&parent=1692"}],"curies":[{"name":"wp","href":"https:\/\/api.w.org\/{rel}","templated":true}]}}