{"id":11,"date":"2022-12-30T16:57:54","date_gmt":"2022-12-30T16:57:54","guid":{"rendered":"https:\/\/justine-basanta.de\/?page_id=11"},"modified":"2023-03-25T16:12:03","modified_gmt":"2023-03-25T16:12:03","slug":"der-ort","status":"publish","type":"page","link":"https:\/\/justine-basanta.de\/?page_id=11","title":{"rendered":"Ort &#038; Anfahrt"},"content":{"rendered":"\n<p><i class=\"fas fa-location-dot\"><\/i> Wir feiern im <a rel=\"noreferrer noopener\" href=\"https:\/\/herzstueck.eatbu.com\/?lang=de\" target=\"_blank\">Herzst\u00fcck<\/a>, der Gastst\u00e4tte der Kleingarten-Kolonie am Buschkrug in Berlin-Neuk\u00f6lln.<\/p>\n\n\n\n<figure class=\"wp-block-image size-full is-style-default\"><img decoding=\"async\" loading=\"lazy\" width=\"753\" height=\"541\" src=\"http:\/\/justine-basanta.de\/wp-content\/uploads\/2023\/03\/KGA-Buschkrug2.jpg\" alt=\"\" class=\"wp-image-1823\" srcset=\"https:\/\/justine-basanta.de\/wp-content\/uploads\/2023\/03\/KGA-Buschkrug2.jpg 753w, https:\/\/justine-basanta.de\/wp-content\/uploads\/2023\/03\/KGA-Buschkrug2-300x216.jpg 300w\" sizes=\"(max-width: 753px) 100vw, 753px\" \/><\/figure>\n\n\n\n<hr class=\"wp-block-separator has-alpha-channel-opacity\"\/>\n\n\n\n<h2>Anfahrt<\/h2>\n\n\n\n<p><i class=\"fas fa-train-subway\"><\/i> Am entspanntesten reist ihr mit dem \u00d6PNV an. Die n\u00e4chstgelegenen Stationen sind der U-Bahnhof &#8222;Parchimer Allee&#8220; der U7 oder Haltestelle &#8222;Onkel-Herse-Stra\u00dfe&#8220; des Bus 171.<\/p>\n\n\n\n<p><i class=\"fas fa-car\"><\/i> Parken ist vor dem Zugang zur Kleingartenanlage auf der Buschkrugallee m\u00f6glich, aber nicht garantiert. Wichtig: Ihr k\u00f6nnt nicht die verpachteten Parkpl\u00e4tze auf dem Gel\u00e4nde der Kleingartenanlage nutzen.<\/p>\n\n\n\n<div align=\"center\"><iframe src=\"https:\/\/www.google.com\/maps\/embed?pb=!1m14!1m8!1m3!1d9726.878621903623!2d13.452075635034205!3d52.447993!3m2!1i1024!2i768!4f13.1!3m3!1m2!1s0x0%3A0xaf2870624e1f251a!2sHerzst%C3%BCck%20der%20Kolonie%20am%20Buschkrug!5e0!3m2!1sde!2sde!4v1673189216691!5m2!1sde!2sde\" width=\"740\" height=\"450\" style=\"border:0;\" allowfullscreen=\"\" loading=\"lazy\" referrerpolicy=\"no-referrer-when-downgrade\"><\/iframe><\/div>\n","protected":false},"excerpt":{"rendered":"<p>Wir feiern im Herzst\u00fcck, der Gastst\u00e4tte der Kleingarten-Kolonie am Buschkrug in Berlin-Neuk\u00f6lln. Anfahrt Am entspanntesten reist ihr mit dem \u00d6PNV an. Die n\u00e4chstgelegenen Stationen sind der U-Bahnhof &#8222;Parchimer Allee&#8220; der U7 oder Haltestelle &#8222;Onkel-Herse-Stra\u00dfe&#8220; des Bus 171. Parken ist vor dem Zugang zur Kleingartenanlage auf der Buschkrugallee m\u00f6glich, aber nicht garantiert. Wichtig: Ihr k\u00f6nnt nicht [&hellip;]<\/p>\n","protected":false},"author":1,"featured_media":12,"parent":0,"menu_order":0,"comment_status":"closed","ping_status":"closed","template":"","meta":[],"_links":{"self":[{"href":"https:\/\/justine-basanta.de\/index.php?rest_route=\/wp\/v2\/pages\/11"}],"collection":[{"href":"https:\/\/justine-basanta.de\/index.php?rest_route=\/wp\/v2\/pages"}],"about":[{"href":"https:\/\/justine-basanta.de\/index.php?rest_route=\/wp\/v2\/types\/page"}],"author":[{"embeddable":true,"href":"https:\/\/justine-basanta.de\/index.php?rest_route=\/wp\/v2\/users\/1"}],"replies":[{"embeddable":true,"href":"https:\/\/justine-basanta.de\/index.php?rest_route=%2Fwp%2Fv2%2Fcomments&post=11"}],"version-history":[{"count":19,"href":"https:\/\/justine-basanta.de\/index.php?rest_route=\/wp\/v2\/pages\/11\/revisions"}],"predecessor-version":[{"id":1825,"href":"https:\/\/justine-basanta.de\/index.php?rest_route=\/wp\/v2\/pages\/11\/revisions\/1825"}],"wp:featuredmedia":[{"embeddable":true,"href":"https:\/\/justine-basanta.de\/index.php?rest_route=\/wp\/v2\/media\/12"}],"wp:attachment":[{"href":"https:\/\/justine-basanta.de\/index.php?rest_route=%2Fwp%2Fv2%2Fmedia&parent=11"}],"curies":[{"name":"wp","href":"https:\/\/api.w.org\/{rel}","templated":true}]}}